{"id":10653,"date":"2020-09-10T15:17:26","date_gmt":"2020-09-10T15:17:26","guid":{"rendered":"https:\/\/whalesabanadelamar.com\/?post_type=product&#038;p=10653"},"modified":"2024-10-01T20:21:16","modified_gmt":"2024-10-01T20:21:16","slug":"punta-cana-zipline-chairlift-buggy-horse-ride-adventure","status":"publish","type":"product","link":"https:\/\/whalesabanadelamar.com\/cs\/tours\/punta-cana-zipline-lanovka-buggy-jizda-na-koni-dobrodruzstvi\/","title":{"rendered":"Punta Cana: Dobrodru\u017estv\u00ed na zipline, lanovce, buggy a j\u00edzd\u011b na koni"},"content":{"rendered":"<h1 class=\"activity__title js-title\" data-track=\"activity-title\" data-test-id=\"activity-title\" data-v-c050e4d7=\"\"><span style=\"font-size: 12pt;\">Punta Cana: Zipline, Chairlift, Buggy &amp; Horse Ride Adventure<\/span><\/h1>\n<p>Visit \u00a0La\u00a0Hacienda Park and\u00a0enjoy\u00a0a\u00a0pickup at your hotel. Soar\u00a0over\u00a0the jungle on\u00a0speedy\u00a0ziplines,\u00a0enjoy\u00a0a safari\u00a0through\u00a0Punta\u00a0Cana,\u00a0and feel\u00a0the\u00a0thrill\u00a0of\u00a0a\u00a0quick\u00a0jump.<\/p>\n<p>Slide through the jungle with 2-kilometer-long ziplines that reach a speed of up to 70 km\/h and a height of up to 160 m, enjoy the wild jungle at high speed since zip lines, with a free fall jump with a height of 20 meters.<\/p>\n<p>Drive buggies on the extreme roads of a private circuit, which guarantees the best safety with an extreme experience so that children, as well as adults, can enjoy it to the fullest.<\/p>\n<p>Bathe in the river with crystal clear water, and ride through the middle of the jungle with horses that are calm and agile so you can enjoy the wildlife.<\/p>\n<p>Ride the only chairlift in the Dominican Republic that will make you enjoy the best views of the park and finally, discover the culture of the country with a safari. Learn about Dominican and local culture. Taste mamajuana and freshly brewed coffee and a hearty traditional buffet.<\/p>\n<p>For the little ones La Hacienda Park is family-friendly. Kids can enjoy their time at the kids club where they will be supervised by a great team and have a lot of fun activities while they wait for the older ones to finish their activities.<\/p>\n<p>Choose the Private VIP option to enjoy a private transfer from your hotel, access to La Hacienda, the services of a guide and a photographer, drinks and snacks, a lunch buffet, and digital photographs of your time at La Hacienda. The Standard Option includes a group transfer, a lunch buffet, and access to La Hacienda.<\/p>","protected":false},"excerpt":{"rendered":"<div data-track=\"overview\" data-v-83a2b402=\"\">\n<section id=\"activity-overview\" class=\"activity-overview\" data-component=\"overview\" data-v-83a2b402=\"\" data-v-f3236c42=\"\">\n<p class=\"activity-overview__content\" data-test-id=\"activity-overview-content\" data-v-f3236c42=\"\">Discover the thrilling La Hacienda Park in Punta Cana with a pre-booked ticket. Drive a buggy on extreme roads, dive into a natural river, ride a horse through the jungle, and slide down the zip line.<\/p>\n<\/section>\n<\/div>\n<div data-track=\"key-details\" data-v-83a2b402=\"\"><\/div>","protected":false},"featured_media":10654,"template":"","meta":[],"product_cat":[100],"product_tag":[102,101],"class_list":{"0":"post-10653","1":"product","2":"type-product","3":"status-publish","4":"has-post-thumbnail","6":"product_cat-dominican-republic","7":"product_tag-excursion","8":"product_tag-tour","10":"first","11":"instock","12":"sale","13":"shipping-taxable","14":"product-type-external"},"_links":{"self":[{"href":"https:\/\/whalesabanadelamar.com\/cs\/wp-json\/wp\/v2\/product\/10653","targetHints":{"allow":["GET"]}}],"collection":[{"href":"https:\/\/whalesabanadelamar.com\/cs\/wp-json\/wp\/v2\/product"}],"about":[{"href":"https:\/\/whalesabanadelamar.com\/cs\/wp-json\/wp\/v2\/types\/product"}],"wp:featuredmedia":[{"embeddable":true,"href":"https:\/\/whalesabanadelamar.com\/cs\/wp-json\/wp\/v2\/media\/10654"}],"wp:attachment":[{"href":"https:\/\/whalesabanadelamar.com\/cs\/wp-json\/wp\/v2\/media?parent=10653"}],"wp:term":[{"taxonomy":"product_cat","embeddable":true,"href":"https:\/\/whalesabanadelamar.com\/cs\/wp-json\/wp\/v2\/product_cat?post=10653"},{"taxonomy":"product_tag","embeddable":true,"href":"https:\/\/whalesabanadelamar.com\/cs\/wp-json\/wp\/v2\/product_tag?post=10653"}],"curies":[{"name":"wp","href":"https:\/\/api.w.org\/{rel}","templated":true}]}}