{"id":13507,"date":"2024-09-17T08:04:58","date_gmt":"2024-09-17T08:04:58","guid":{"rendered":"https:\/\/whalesabanadelamar.com\/?post_type=product&#038;p=13507"},"modified":"2024-09-26T21:25:40","modified_gmt":"2024-09-26T21:25:40","slug":"samana-city-tour-los-haitises-cayo-levantado-island","status":"publish","type":"product","link":"https:\/\/whalesabanadelamar.com\/cs\/tours\/samana-prohlidka-mesta-los-haitises-cayo-levantado-ostrov\/","title":{"rendered":"Saman\u00e1: Saman\u00e1: prohl\u00eddka m\u011bsta + Los Haitises a ostrov Cayo Levantado"},"content":{"rendered":"<p>Vyd\u00e1me se na bezplatnou prohl\u00eddku m\u011bsta, abychom se sezn\u00e1mili s histori\u00ed Samany. Na t\u00e9to kr\u00e1sn\u00e9 prohl\u00eddce procestujeme \u00fachvatn\u00e9 tropick\u00e9 vody a vychutn\u00e1me si vynikaj\u00edc\u00ed dominik\u00e1nsk\u00e9 pochoutky. Prohl\u00e9dneme si historick\u00e1 um\u011bleck\u00e1 d\u00edla domorod\u00e9ho lidu Ta\u00edno, kter\u00e1 se nach\u00e1zej\u00ed v jeskyn\u00edch v p\u0159ekr\u00e1sn\u00e9m n\u00e1rodn\u00edm parku Los Haitises.<\/p>\n<p>Za\u010dn\u011bte v p\u0159\u00edstavu Samana, odkud se katamar\u00e1nem nebo lod\u00ed vyd\u00e1te na cestu kolem z\u00e1toky Samana. P\u0159ijedete do n\u00e1rodn\u00edho parku Los Haitises a nav\u0161t\u00edv\u00edte n\u00e1dhern\u00e9 skaln\u00ed ostrovy a sezn\u00e1m\u00edte se s interpretac\u00ed domorod\u00fdch maleb Ta\u00edno v jeskyni Linea.<\/p>\n<p>Po opu\u0161t\u011bn\u00ed starobyl\u00e9 jeskyn\u011b se vydejte lod\u00ed p\u0159es kr\u00e1sn\u00e9 vody na p\u016fvabnou pl\u00e1\u017e a do jeskyn\u011b Cueva de la Larena. Prohl\u00eddku jeskyn\u011b zakon\u010dete p\u0159\u00edpitkem a vra\u0165te se lod\u00ed na Cayo Levantado.<\/p>\n<p>Po n\u00e1vratu si vychutnejte tradi\u010dn\u00ed dominik\u00e1nsk\u00fd bufet a odpo\u010di\u0148te si na pl\u00e1\u017ei Cayo Levantado.<\/p>","protected":false},"excerpt":{"rendered":"<div data-track=\"overview\" data-v-83a2b402=\"\">\n<section id=\"activity-overview\" class=\"activity-overview\" data-component=\"overview\" data-v-83a2b402=\"\" data-v-f3236c42=\"\">\n<p class=\"activity-overview__content\" data-test-id=\"activity-overview-content\" data-v-f3236c42=\"\">U\u017eijte si bezplatnou prohl\u00eddku m\u011bsta Samana. Nav\u0161tivte n\u00e1dhern\u00e9 skaln\u00ed ostrovy a domorod\u00e9 jeskynn\u00ed malby v n\u00e1rodn\u00edm parku Los Haitises. Prohl\u00e9dneme si \u00fachvatn\u00e9 vody, sk\u00e1ly a fl\u00f3ru t\u00e9to oblasti.<\/p>\n<\/section>\n<\/div>\n<div data-track=\"key-details\" data-v-83a2b402=\"\"><\/div>","protected":false},"featured_media":13508,"template":"","meta":[],"product_cat":[100],"product_tag":[102,101],"class_list":{"0":"post-13507","1":"product","2":"type-product","3":"status-publish","4":"has-post-thumbnail","6":"product_cat-dominican-republic","7":"product_tag-excursion","8":"product_tag-tour","10":"first","11":"instock","12":"shipping-taxable","13":"product-type-external"},"_links":{"self":[{"href":"https:\/\/whalesabanadelamar.com\/cs\/wp-json\/wp\/v2\/product\/13507","targetHints":{"allow":["GET"]}}],"collection":[{"href":"https:\/\/whalesabanadelamar.com\/cs\/wp-json\/wp\/v2\/product"}],"about":[{"href":"https:\/\/whalesabanadelamar.com\/cs\/wp-json\/wp\/v2\/types\/product"}],"wp:featuredmedia":[{"embeddable":true,"href":"https:\/\/whalesabanadelamar.com\/cs\/wp-json\/wp\/v2\/media\/13508"}],"wp:attachment":[{"href":"https:\/\/whalesabanadelamar.com\/cs\/wp-json\/wp\/v2\/media?parent=13507"}],"wp:term":[{"taxonomy":"product_cat","embeddable":true,"href":"https:\/\/whalesabanadelamar.com\/cs\/wp-json\/wp\/v2\/product_cat?post=13507"},{"taxonomy":"product_tag","embeddable":true,"href":"https:\/\/whalesabanadelamar.com\/cs\/wp-json\/wp\/v2\/product_tag?post=13507"}],"curies":[{"name":"wp","href":"https:\/\/api.w.org\/{rel}","templated":true}]}}