{"id":13650,"date":"2024-09-17T13:17:54","date_gmt":"2024-09-17T13:17:54","guid":{"rendered":"https:\/\/whalesabanadelamar.com\/?post_type=product&#038;p=13650"},"modified":"2024-09-17T19:35:56","modified_gmt":"2024-09-17T19:35:56","slug":"cayo-arena-paradise-island-and-mangroves-tour-2","status":"publish","type":"product","link":"https:\/\/whalesabanadelamar.com\/de\/tours\/cayo-arena-paradise-island-and-mangroves-tour-2\/","title":{"rendered":"Cayo Arena: Paradiesinsel und Mangroven Tour"},"content":{"rendered":"<div class=\"toggle-content__content toggle-content__content--expanded toggle-content__content--packable\" data-v-59485d64=\"\">\n<div data-test-id=\"activity-full-description-text\" data-v-5835c99c=\"\">Cayo Arena Paradise Island and Mangroves Tour from Puerto Plata, Benefit from pickup at your hotel in Puerto Plata, Sosua, or Cabarete, and then make your way by bus to the brilliant white sands of Punta Rucia, 67 kilometers east of Montechristi. Get amazing views of the countryside before you board a speedboat to cross to Cayo Arena.<\/div>\n<div data-test-id=\"activity-full-description-text\" data-v-5835c99c=\"\"><\/div>\n<div data-test-id=\"activity-full-description-text\" data-v-5835c99c=\"\">Be welcomed by the turquoise waters and white sands of the paradise island. Go ashore to sink your toes in the sand and top up your tan. Marvel at the colorful marine life and coral gardens on an optional guided snorkeling tour, and enjoy a selection of\u00a0fresh fruits and drinks.<\/div>\n<div data-test-id=\"activity-full-description-text\" data-v-5835c99c=\"\"><\/div>\n<div data-test-id=\"activity-full-description-text\" data-v-5835c99c=\"\">Fahren Sie mit dem Schnellboot durch den dichten Mangrovenwald des Monte-Cristi-Nationalparks und halten Sie Ausschau nach den zahlreichen Wildtieren in den Lagunen und Kan\u00e4len. Auf einem lokalen Markt erhalten Sie einen Eindruck vom Inselleben, bevor Sie mit dem Schnellboot zur\u00fcck zum Festland fahren.<\/div>\n<\/div>\n<div class=\"toggle-content__label-placeholder\" data-v-59485d64=\"\"><\/div>","protected":false},"excerpt":{"rendered":"<div data-track=\"overview\" data-v-83a2b402=\"\">\n<section id=\"activity-overview\" class=\"activity-overview\" data-component=\"overview\" data-v-83a2b402=\"\" data-v-f3236c42=\"\">\n<p class=\"activity-overview__content\" data-test-id=\"activity-overview-content\" data-v-f3236c42=\"\">Besuchen Sie eine der sch\u00f6nsten Inseln an der Nordk\u00fcste der Dominikanischen Republik und faulenzen Sie auf dem wei\u00dfen Sand von Cayo Arena. Schwimmen und schnorcheln Sie mit der bunten Unterwasserwelt in kristallklarem Wasser und machen Sie eine Tour mit dem Schnellboot durch den Monte Cristi-Nationalpark.<\/p>\n<\/section>\n<\/div>\n<div data-track=\"key-details\" data-v-83a2b402=\"\"><\/div>","protected":false},"featured_media":13652,"template":"","meta":[],"product_cat":[100],"product_tag":[102,101],"class_list":{"0":"post-13650","1":"product","2":"type-product","3":"status-publish","4":"has-post-thumbnail","6":"product_cat-dominican-republic","7":"product_tag-excursion","8":"product_tag-tour","10":"first","11":"instock","12":"shipping-taxable","13":"product-type-external"},"_links":{"self":[{"href":"https:\/\/whalesabanadelamar.com\/de\/wp-json\/wp\/v2\/product\/13650","targetHints":{"allow":["GET"]}}],"collection":[{"href":"https:\/\/whalesabanadelamar.com\/de\/wp-json\/wp\/v2\/product"}],"about":[{"href":"https:\/\/whalesabanadelamar.com\/de\/wp-json\/wp\/v2\/types\/product"}],"wp:featuredmedia":[{"embeddable":true,"href":"https:\/\/whalesabanadelamar.com\/de\/wp-json\/wp\/v2\/media\/13652"}],"wp:attachment":[{"href":"https:\/\/whalesabanadelamar.com\/de\/wp-json\/wp\/v2\/media?parent=13650"}],"wp:term":[{"taxonomy":"product_cat","embeddable":true,"href":"https:\/\/whalesabanadelamar.com\/de\/wp-json\/wp\/v2\/product_cat?post=13650"},{"taxonomy":"product_tag","embeddable":true,"href":"https:\/\/whalesabanadelamar.com\/de\/wp-json\/wp\/v2\/product_tag?post=13650"}],"curies":[{"name":"wp","href":"https:\/\/api.w.org\/{rel}","templated":true}]}}