{"id":17170,"date":"2024-09-23T12:32:33","date_gmt":"2024-09-23T12:32:33","guid":{"rendered":"https:\/\/whalesabanadelamar.com\/?post_type=product&#038;p=17170"},"modified":"2024-09-23T12:33:32","modified_gmt":"2024-09-23T12:33:32","slug":"cayo-arena-paradise-island-magroves-tour-private","status":"publish","type":"product","link":"https:\/\/whalesabanadelamar.com\/de\/tours\/cayo-arena-paradise-island-magroves-tour-privat\/","title":{"rendered":"Cayo Arena: Paradiesinsel &amp; Magroves Tour Privat"},"content":{"rendered":"<p>Genie\u00dfen Sie die herrliche Aussicht auf die Landschaft, bevor Sie an Bord eines Schnellbootes nach Cayo Arena fahren.<\/p>\n<p>Lassen Sie sich vom t\u00fcrkisfarbenen Wasser und dem wei\u00dfen Sand der paradiesischen Insel begr\u00fc\u00dfen. Gehen Sie an Land, um Ihre Zehen in den Sand zu stecken und Ihre Br\u00e4une aufzufrischen. Bestaunen Sie die farbenfrohe Unterwasserwelt und die Koralleng\u00e4rten bei einer optionalen gef\u00fchrten Schnorcheltour und genie\u00dfen Sie eine Auswahl an frischen Fr\u00fcchten und Getr\u00e4nken.<\/p>\n<div class=\"toggle-content__content toggle-content__content--expanded toggle-content__content--packable\" data-v-59485d64=\"\">\n<div data-test-id=\"activity-full-description-text\" data-v-5835c99c=\"\">Fahren Sie mit dem Schnellboot durch den dichten Mangrovenwald des Monte-Cristi-Nationalparks und halten Sie Ausschau nach den zahlreichen Wildtieren in den Lagunen und Kan\u00e4len. Auf einem lokalen Markt erhalten Sie einen Eindruck vom Inselleben, bevor Sie mit dem Schnellboot zur\u00fcck zum Festland fahren.<\/div>\n<\/div>\n<div class=\"toggle-content__label-placeholder\" data-v-59485d64=\"\"><\/div>","protected":false},"excerpt":{"rendered":"<div data-track=\"overview\" data-v-83a2b402=\"\">\n<section id=\"activity-overview\" class=\"activity-overview\" data-component=\"overview\" data-v-83a2b402=\"\" data-v-f3236c42=\"\">\n<p class=\"activity-overview__content\" data-test-id=\"activity-overview-content\" data-v-f3236c42=\"\">Erkunden Sie die Nordk\u00fcste der Dominikanischen Republik und faulenzen Sie am wei\u00dfen Sandstrand von Cayo Arena. Schwimmen und schnorcheln Sie mit den bunten Meeresbewohnern in kristallklarem Wasser, machen Sie eine Schnellboottour zum Monte Cristi<\/p>\n<\/section>\n<\/div>\n<div data-track=\"key-details\" data-v-83a2b402=\"\"><\/div>","protected":false},"featured_media":17171,"template":"","meta":[],"product_cat":[100],"product_tag":[102,101],"class_list":{"0":"post-17170","1":"product","2":"type-product","3":"status-publish","4":"has-post-thumbnail","6":"product_cat-dominican-republic","7":"product_tag-excursion","8":"product_tag-tour","10":"first","11":"instock","12":"shipping-taxable","13":"product-type-external"},"_links":{"self":[{"href":"https:\/\/whalesabanadelamar.com\/de\/wp-json\/wp\/v2\/product\/17170","targetHints":{"allow":["GET"]}}],"collection":[{"href":"https:\/\/whalesabanadelamar.com\/de\/wp-json\/wp\/v2\/product"}],"about":[{"href":"https:\/\/whalesabanadelamar.com\/de\/wp-json\/wp\/v2\/types\/product"}],"wp:featuredmedia":[{"embeddable":true,"href":"https:\/\/whalesabanadelamar.com\/de\/wp-json\/wp\/v2\/media\/17171"}],"wp:attachment":[{"href":"https:\/\/whalesabanadelamar.com\/de\/wp-json\/wp\/v2\/media?parent=17170"}],"wp:term":[{"taxonomy":"product_cat","embeddable":true,"href":"https:\/\/whalesabanadelamar.com\/de\/wp-json\/wp\/v2\/product_cat?post=17170"},{"taxonomy":"product_tag","embeddable":true,"href":"https:\/\/whalesabanadelamar.com\/de\/wp-json\/wp\/v2\/product_tag?post=17170"}],"curies":[{"name":"wp","href":"https:\/\/api.w.org\/{rel}","templated":true}]}}