{"id":17196,"date":"2024-09-23T13:08:49","date_gmt":"2024-09-23T13:08:49","guid":{"rendered":"https:\/\/whalesabanadelamar.com\/?post_type=product&#038;p=17196"},"modified":"2024-09-23T13:10:34","modified_gmt":"2024-09-23T13:10:34","slug":"diving-without-a-license-catalina-island-from-punta-cana","status":"publish","type":"product","link":"https:\/\/whalesabanadelamar.com\/de\/tours\/tauchen-ohne-lizenz-catalina-island-von-punta-cana-aus\/","title":{"rendered":"tauchen ohne lizenz catalina island von punta cana aus"},"content":{"rendered":"<div class=\"toggle-content__content toggle-content__content--expanded toggle-content__content--packable\" data-v-59485d64=\"\">\n<div data-test-id=\"activity-full-description-text\" data-v-5835c99c=\"\">Wir holen Sie an Ihrem Hotel ab und beginnen unsere Fahrt nach La Romana. W\u00e4hrend der Fahrt fahren wir durch die Zuckerrohrfelder. Nach der Ankunft gehen wir an Bord eines Katamarans und fahren zur Insel Catalina. Unser erster Halt auf der Insel wird der ber\u00fchmte Tauchplatz \"The Wall\" sein, eine majest\u00e4tische Korallenwand. Danach geht es weiter zu dem unglaublichen Tauchplatz \"Aquarium\". Vor dem ersten Tauchgang findet ein Training statt, um den Umgang mit der Tauchausr\u00fcstung zu erlernen. Der erste Tauchgang dauert 20 Minuten und beinhaltet das Tauchen in einer maximalen Tiefe von 5 Metern. - Nach dem ersten Tauchgang wird der zweite Tauchgang bis zu einer maximalen Tiefe von 8\/10 Metern gepfl\u00fcgt. Wir setzen den Weg zum wundersch\u00f6nen Catalina Strand fort. Dort angekommen, haben wir Zugang zu einer Strandbar mit Getr\u00e4nken und einem k\u00f6stlichen dominikanischen Mittagsbuffet mit Barbecue. Gegen 15:00 Uhr gehen wir an Bord des Katamarans, um nach einem unglaublichen Tag voller Tauchen, Schnorcheln und Entspannen auf Catalina Island nach Punta Cana zur\u00fcckzukehren. Dieser Ausflug findet von Montag bis Freitag statt. Die ungef\u00e4hre Dauer betr\u00e4gt 10 Stunden.<\/div>\n<\/div>\n<div class=\"toggle-content__label-placeholder\" data-v-59485d64=\"\"><\/div>","protected":false},"excerpt":{"rendered":"<div data-track=\"overview\" data-v-83a2b402=\"\">\n<section id=\"activity-overview\" class=\"activity-overview\" data-component=\"overview\" data-v-83a2b402=\"\" data-v-f3236c42=\"\">\n<p class=\"activity-overview__content\" data-test-id=\"activity-overview-content\" data-v-f3236c42=\"\">Wir holen Sie in kleinen Gruppen an Ihrem Hotel ab. Wundersch\u00f6nes Tauchen in kristallklarem Wasser, typisches Mittagessen mit Barbecue, sch\u00f6ner Strand zum Entspannen.<\/p>\n<\/section>\n<\/div>\n<div data-track=\"key-details\" data-v-83a2b402=\"\"><\/div>","protected":false},"featured_media":17198,"template":"","meta":[],"product_cat":[100],"product_tag":[102,101],"class_list":{"0":"post-17196","1":"product","2":"type-product","3":"status-publish","4":"has-post-thumbnail","6":"product_cat-dominican-republic","7":"product_tag-excursion","8":"product_tag-tour","10":"first","11":"instock","12":"sale","13":"shipping-taxable","14":"product-type-external"},"_links":{"self":[{"href":"https:\/\/whalesabanadelamar.com\/de\/wp-json\/wp\/v2\/product\/17196","targetHints":{"allow":["GET"]}}],"collection":[{"href":"https:\/\/whalesabanadelamar.com\/de\/wp-json\/wp\/v2\/product"}],"about":[{"href":"https:\/\/whalesabanadelamar.com\/de\/wp-json\/wp\/v2\/types\/product"}],"wp:featuredmedia":[{"embeddable":true,"href":"https:\/\/whalesabanadelamar.com\/de\/wp-json\/wp\/v2\/media\/17198"}],"wp:attachment":[{"href":"https:\/\/whalesabanadelamar.com\/de\/wp-json\/wp\/v2\/media?parent=17196"}],"wp:term":[{"taxonomy":"product_cat","embeddable":true,"href":"https:\/\/whalesabanadelamar.com\/de\/wp-json\/wp\/v2\/product_cat?post=17196"},{"taxonomy":"product_tag","embeddable":true,"href":"https:\/\/whalesabanadelamar.com\/de\/wp-json\/wp\/v2\/product_tag?post=17196"}],"curies":[{"name":"wp","href":"https:\/\/api.w.org\/{rel}","templated":true}]}}