{"id":17880,"date":"2024-09-24T16:51:41","date_gmt":"2024-09-24T16:51:41","guid":{"rendered":"https:\/\/whalesabanadelamar.com\/?post_type=product&#038;p=17880"},"modified":"2024-09-24T16:52:19","modified_gmt":"2024-09-24T16:52:19","slug":"la-romana-1-way-private-transfer","status":"publish","type":"product","link":"https:\/\/whalesabanadelamar.com\/de\/tours\/la-romana-1-weg-privater-transfer\/","title":{"rendered":"La Romana: 1-Wege-Privattransfer"},"content":{"rendered":"<p>Mit dem Gep\u00e4ck in der Schlange am Taxistand des Flughafens zu warten, kann genauso stressig sein wie der Versuch, sich zum ersten Mal in einer neuen Stadt mit den \u00f6ffentlichen Verkehrsmitteln zurechtzufinden, aber zum Gl\u00fcck m\u00fcssen Sie beides nicht tun!<\/p>\n<p>Ob Sie sich am Flughafen\/Kreuzfahrtterminal von La Romana oder in Ihrer Unterkunft befinden, Sie k\u00f6nnen Ihren Transport zu Hotels in der ganzen Dominikanischen Republik im Voraus buchen. Sie werden vom Fahrer abgeholt und k\u00f6nnen die Fahrt in einem neuen klimatisierten Minivan genie\u00dfen.<\/p>\n<p>Ersparen Sie sich den \u00c4rger und die Ungewissheit bei der Suche nach einem zuverl\u00e4ssigen lokalen Taxi und lassen Sie sich bequem und stilvoll abholen!<\/p>","protected":false},"excerpt":{"rendered":"<div data-track=\"overview\" data-v-83a2b402=\"\">\n<section id=\"activity-overview\" class=\"activity-overview\" data-component=\"overview\" data-v-83a2b402=\"\" data-v-f3236c42=\"\">\n<p class=\"activity-overview__content\" data-test-id=\"activity-overview-content\" data-v-f3236c42=\"\">Genie\u00dfen Sie den privaten Transport in einem modernen Van vom Flughafen La Romana, dem Kreuzfahrtterminal oder Ihrer Unterkunft und genie\u00dfen Sie eine reibungslose Fahrt bis zu Ihrem Ziel. Genie\u00dfen Sie den professionellen Service Ihres Fahrers und beginnen Sie Ihren Urlaub stressfrei.<\/p>\n<\/section>\n<\/div>\n<div data-track=\"key-details\" data-v-83a2b402=\"\"><\/div>","protected":false},"featured_media":17882,"template":"","meta":[],"product_cat":[100],"product_tag":[102,101],"class_list":{"0":"post-17880","1":"product","2":"type-product","3":"status-publish","4":"has-post-thumbnail","6":"product_cat-dominican-republic","7":"product_tag-excursion","8":"product_tag-tour","10":"first","11":"instock","12":"shipping-taxable","13":"product-type-external"},"_links":{"self":[{"href":"https:\/\/whalesabanadelamar.com\/de\/wp-json\/wp\/v2\/product\/17880","targetHints":{"allow":["GET"]}}],"collection":[{"href":"https:\/\/whalesabanadelamar.com\/de\/wp-json\/wp\/v2\/product"}],"about":[{"href":"https:\/\/whalesabanadelamar.com\/de\/wp-json\/wp\/v2\/types\/product"}],"wp:featuredmedia":[{"embeddable":true,"href":"https:\/\/whalesabanadelamar.com\/de\/wp-json\/wp\/v2\/media\/17882"}],"wp:attachment":[{"href":"https:\/\/whalesabanadelamar.com\/de\/wp-json\/wp\/v2\/media?parent=17880"}],"wp:term":[{"taxonomy":"product_cat","embeddable":true,"href":"https:\/\/whalesabanadelamar.com\/de\/wp-json\/wp\/v2\/product_cat?post=17880"},{"taxonomy":"product_tag","embeddable":true,"href":"https:\/\/whalesabanadelamar.com\/de\/wp-json\/wp\/v2\/product_tag?post=17880"}],"curies":[{"name":"wp","href":"https:\/\/api.w.org\/{rel}","templated":true}]}}