{"id":18560,"date":"2024-09-25T20:50:44","date_gmt":"2024-09-25T20:50:44","guid":{"rendered":"https:\/\/whalesabanadelamar.com\/?post_type=product&#038;p=18560"},"modified":"2024-09-28T23:13:46","modified_gmt":"2024-09-28T23:13:46","slug":"waterfalls-with-zip-lines-and-lunch-pick-up","status":"publish","type":"product","link":"https:\/\/whalesabanadelamar.com\/de\/tours\/wasserfalle-mit-seilrutschen-und-abholung-des-mittagessens\/","title":{"rendered":"Wasserf\u00e4lle mit Seilbahn und Mittagessen + Abholung"},"content":{"rendered":"<p>Bringen Sie Ihre Badesachen mit und machen Sie eine 30-min\u00fctige Fahrt mit einem privaten Transportmittel zu der am h\u00f6chsten bewerteten Attraktion in Puerto Plata, den 27 Wasserf\u00e4llen von Damajagua. Tauchen Sie ein in die beeindruckenden, in den Kalkstein gemei\u00dfelten Becken, in denen Stalaktiten und Stalagmiten in 1.000 Farben zu sehen sind. Wandern Sie etwa 20 Minuten lang bergauf. Schwimmen, springen und rutschen Sie anschlie\u00dfend durch die 7 oder 12 sch\u00f6nsten Kaskaden hinunter. R\u00fcsten Sie sich f\u00fcr Ihr Seilbahnabenteuer und machen Sie sich bereit zum Fliegen. Mit einer Flasche frischen Trinkwassers an Ihrem Gurtzeug, um Sie mit Fl\u00fcssigkeit zu versorgen, sp\u00fcren Sie den Adrenalinsto\u00df der 8 von der Acct zertifizierten Seilrutschen. Erhalten Sie eine Sicherheitseinweisung, bevor Sie die 7.900 Meter verzinkten Stahlseils erleben.<\/p>\n<div class=\"toggle-content__content toggle-content__content--expanded toggle-content__content--packable\" data-v-59485d64=\"\">\n<div data-test-id=\"activity-full-description-text\" data-v-5835c99c=\"\">Es sind keine Vorkenntnisse erforderlich, und im Gegensatz zu anderen Seilbahnparks m\u00fcssen Sie nicht aktiv bremsen, z. B. mit Handschuhen. Die Seilrutschen kosten zus\u00e4tzlich $35. p\/p Sie k\u00f6nnen mit Ihrer eigenen Kamera Fotos oder Videos machen! Genie\u00dfen Sie auf dem R\u00fcckweg ein k\u00f6stliches, selbstgekochtes Mittagessen.<\/div>\n<\/div>\n<div class=\"toggle-content__label-placeholder\" data-v-59485d64=\"\"><\/div>","protected":false},"excerpt":{"rendered":"<div data-track=\"overview\" data-v-83a2b402=\"\">\n<section id=\"activity-overview\" class=\"activity-overview\" data-component=\"overview\" data-v-83a2b402=\"\" data-v-f3236c42=\"\">\n<p class=\"activity-overview__content\" data-test-id=\"activity-overview-content\" data-v-f3236c42=\"\">Bringen Sie Ihre Badesachen mit und machen Sie eine 30-min\u00fctige Fahrt mit einem privaten Transportmittel zu der am h\u00f6chsten bewerteten Attraktion in Puerto Plata, den Wasserf\u00e4llen von Damajagua in Puerto Plata City!<\/p>\n<\/section>\n<\/div>\n<div data-track=\"key-details\" data-v-83a2b402=\"\"><\/div>","protected":false},"featured_media":18561,"template":"","meta":[],"product_cat":[100],"product_tag":[102,101],"class_list":{"0":"post-18560","1":"product","2":"type-product","3":"status-publish","4":"has-post-thumbnail","6":"product_cat-dominican-republic","7":"product_tag-excursion","8":"product_tag-tour","10":"first","11":"instock","12":"sale","13":"shipping-taxable","14":"product-type-external"},"_links":{"self":[{"href":"https:\/\/whalesabanadelamar.com\/de\/wp-json\/wp\/v2\/product\/18560","targetHints":{"allow":["GET"]}}],"collection":[{"href":"https:\/\/whalesabanadelamar.com\/de\/wp-json\/wp\/v2\/product"}],"about":[{"href":"https:\/\/whalesabanadelamar.com\/de\/wp-json\/wp\/v2\/types\/product"}],"wp:featuredmedia":[{"embeddable":true,"href":"https:\/\/whalesabanadelamar.com\/de\/wp-json\/wp\/v2\/media\/18561"}],"wp:attachment":[{"href":"https:\/\/whalesabanadelamar.com\/de\/wp-json\/wp\/v2\/media?parent=18560"}],"wp:term":[{"taxonomy":"product_cat","embeddable":true,"href":"https:\/\/whalesabanadelamar.com\/de\/wp-json\/wp\/v2\/product_cat?post=18560"},{"taxonomy":"product_tag","embeddable":true,"href":"https:\/\/whalesabanadelamar.com\/de\/wp-json\/wp\/v2\/product_tag?post=18560"}],"curies":[{"name":"wp","href":"https:\/\/api.w.org\/{rel}","templated":true}]}}