{"id":10276,"date":"2024-09-08T18:10:59","date_gmt":"2024-09-08T18:10:59","guid":{"rendered":"https:\/\/whalesabanadelamar.com\/?post_type=product&#038;p=10276"},"modified":"2025-01-08T14:01:10","modified_gmt":"2025-01-08T14:01:10","slug":"samana-los-haitises-national-park-cayo-levantado-island","status":"publish","type":"product","link":"https:\/\/whalesabanadelamar.com\/fr\/tours\/samana-los-haitises-national-park-cayo-levantado-island\/","title":{"rendered":"Saman\u00e1: Los Haitises National Park &#038; Cayo Levantado Island"},"content":{"rendered":"<p>Voyagez \u00e0 travers de magnifiques eaux tropicales et d\u00e9gustez de d\u00e9licieuses sp\u00e9cialit\u00e9s dominicaines au cours de ce magnifique circuit. Contemplez les \u0153uvres d'art historiques du peuple indig\u00e8ne Ta\u00edno, qui se trouvent dans des grottes situ\u00e9es dans le magnifique parc national de Los Haitises.<\/p>\n<p>Commencez par le port de Samana o\u00f9 vous prendrez un catamaran ou un bateau pour passer la baie de Samana. Arriv\u00e9e au parc national de Los Haitises, visite des magnifiques \u00eeles rocheuses et d\u00e9couverte des interpr\u00e9tations des peintures indig\u00e8nes ta\u00efno \u00e0 la grotte de Linea.<\/p>\n<p>Apr\u00e8s avoir quitt\u00e9 l'ancienne grotte, prenez un bateau qui traverse les eaux magnifiques pour visiter une charmante plage et la grotte Cueva de la Larena. Terminez la visite de la grotte par un toast et reprenez le bateau pour Cayo Levantado.<\/p>\n<p>\u00c0 votre retour, d\u00e9gustez un buffet dominicain traditionnel et d\u00e9tendez-vous \u00e0 la plage de Cayo Levantado.<\/p>","protected":false},"excerpt":{"rendered":"<p>Visit the gorgeous rock islands and Indigenous cave paintings found in Los Haitises National Park. Enjoy an authentic Dominican feast as you take in the stunning waters, rocks, and flora of the area.<\/p>","protected":false},"featured_media":10278,"template":"","meta":[],"product_cat":[100],"product_tag":[102,101],"class_list":{"0":"post-10276","1":"product","2":"type-product","3":"status-publish","4":"has-post-thumbnail","6":"product_cat-dominican-republic","7":"product_tag-excursion","8":"product_tag-tour","10":"first","11":"instock","12":"shipping-taxable","13":"product-type-external"},"_links":{"self":[{"href":"https:\/\/whalesabanadelamar.com\/fr\/wp-json\/wp\/v2\/product\/10276","targetHints":{"allow":["GET"]}}],"collection":[{"href":"https:\/\/whalesabanadelamar.com\/fr\/wp-json\/wp\/v2\/product"}],"about":[{"href":"https:\/\/whalesabanadelamar.com\/fr\/wp-json\/wp\/v2\/types\/product"}],"wp:featuredmedia":[{"embeddable":true,"href":"https:\/\/whalesabanadelamar.com\/fr\/wp-json\/wp\/v2\/media\/10278"}],"wp:attachment":[{"href":"https:\/\/whalesabanadelamar.com\/fr\/wp-json\/wp\/v2\/media?parent=10276"}],"wp:term":[{"taxonomy":"product_cat","embeddable":true,"href":"https:\/\/whalesabanadelamar.com\/fr\/wp-json\/wp\/v2\/product_cat?post=10276"},{"taxonomy":"product_tag","embeddable":true,"href":"https:\/\/whalesabanadelamar.com\/fr\/wp-json\/wp\/v2\/product_tag?post=10276"}],"curies":[{"name":"wp","href":"https:\/\/api.w.org\/{rel}","templated":true}]}}