{"id":15976,"date":"2024-09-21T01:16:22","date_gmt":"2024-09-21T01:16:22","guid":{"rendered":"https:\/\/whalesabanadelamar.com\/?post_type=product&#038;p=15976"},"modified":"2024-09-21T01:17:02","modified_gmt":"2024-09-21T01:17:02","slug":"from-samana-los-haitises-boat-and-walking-tour-with-lunch","status":"publish","type":"product","link":"https:\/\/whalesabanadelamar.com\/fr\/tours\/de-samana-los-haitises-excursion-en-bateau-et-a-pied-avec-dejeuner\/","title":{"rendered":"Au d\u00e9part de Samana : Excursion en bateau et \u00e0 pied \u00e0 Los Haitises avec d\u00e9jeuner"},"content":{"rendered":"<p>Embarquez pour une excursion d'une journ\u00e9e depuis Saman\u00e1 jusqu'au parc national de Los Haitises. Admirez la beaut\u00e9 naturelle du parc lors d'une excursion en bateau et recherchez une vari\u00e9t\u00e9 d'esp\u00e8ces color\u00e9es tout en explorant. Profitez d'un d\u00e9jeuner buffet typiquement dominicain sur l'\u00eele paradisiaque de Cayo Levantado.<\/p>\n<p>Montez \u00e0 bord d'un bateau confortable au port de Saman\u00e1 et faites une croisi\u00e8re \u00e0 travers les nombreux \u00eelots qui composent le parc national de Los Haitises. Admirez les attractions naturelles du parc, comme les mangroves, et certaines esp\u00e8ces d'oiseaux du parc, comme les p\u00e9licans, les h\u00e9rons et la buse de Ridgway.<\/p>\n<p>Prenez le temps de marcher \u00e0 travers des grottes historiques et des paysages luxuriants spectaculaires. \u00c9merveillez-vous devant les grottes, qui abritent l'un des plus grands nombres de p\u00e9troglyphes et de pictogrammes indig\u00e8nes du pays.<\/p>\n<div class=\"toggle-content__content toggle-content__content--expanded toggle-content__content--packable\" data-v-59485d64=\"\">\n<div data-test-id=\"activity-full-description-text\" data-v-5835c99c=\"\">Voyagez vers Cayo Levantado, \u00e9galement connu sous le nom d'\u00eele Bacardi, et profitez des plages chaudes de cette destination pittoresque, ainsi que d'un d\u00e9jeuner-buffet plein de saveurs all\u00e9chantes avant de retourner \u00e0 votre point de rencontre.<\/div>\n<\/div>\n<div class=\"toggle-content__label-placeholder\" data-v-59485d64=\"\"><\/div>\n<div data-v-59485d64=\"\"><\/div>","protected":false},"excerpt":{"rendered":"<div data-track=\"overview\" data-v-83a2b402=\"\">\n<section id=\"activity-overview\" class=\"activity-overview\" data-component=\"overview\" data-v-83a2b402=\"\" data-v-f3236c42=\"\">\n<p class=\"activity-overview__content\" data-test-id=\"activity-overview-content\" data-v-f3236c42=\"\">D\u00e9couvrez le parc national de Los Haitises lors d'une visite guid\u00e9e en bateau au cours de cette excursion d'une journ\u00e9e au d\u00e9part de Saman\u00e1. Explorez les grottes \u00e0 pied et profitez d'un d\u00e9jeuner buffet dominicain sur l'\u00eele pittoresque de Cayo Levantado.<\/p>\n<\/section>\n<\/div>\n<div data-track=\"key-details\" data-v-83a2b402=\"\"><\/div>","protected":false},"featured_media":15977,"template":"","meta":[],"product_cat":[100],"product_tag":[102,101],"class_list":{"0":"post-15976","1":"product","2":"type-product","3":"status-publish","4":"has-post-thumbnail","6":"product_cat-dominican-republic","7":"product_tag-excursion","8":"product_tag-tour","10":"first","11":"instock","12":"shipping-taxable","13":"product-type-external"},"_links":{"self":[{"href":"https:\/\/whalesabanadelamar.com\/fr\/wp-json\/wp\/v2\/product\/15976","targetHints":{"allow":["GET"]}}],"collection":[{"href":"https:\/\/whalesabanadelamar.com\/fr\/wp-json\/wp\/v2\/product"}],"about":[{"href":"https:\/\/whalesabanadelamar.com\/fr\/wp-json\/wp\/v2\/types\/product"}],"wp:featuredmedia":[{"embeddable":true,"href":"https:\/\/whalesabanadelamar.com\/fr\/wp-json\/wp\/v2\/media\/15977"}],"wp:attachment":[{"href":"https:\/\/whalesabanadelamar.com\/fr\/wp-json\/wp\/v2\/media?parent=15976"}],"wp:term":[{"taxonomy":"product_cat","embeddable":true,"href":"https:\/\/whalesabanadelamar.com\/fr\/wp-json\/wp\/v2\/product_cat?post=15976"},{"taxonomy":"product_tag","embeddable":true,"href":"https:\/\/whalesabanadelamar.com\/fr\/wp-json\/wp\/v2\/product_tag?post=15976"}],"curies":[{"name":"wp","href":"https:\/\/api.w.org\/{rel}","templated":true}]}}