{"id":13632,"date":"2020-09-17T12:48:27","date_gmt":"2020-09-17T12:48:27","guid":{"rendered":"https:\/\/whalesabanadelamar.com\/?post_type=product&#038;p=13632"},"modified":"2024-09-17T21:13:59","modified_gmt":"2024-09-17T21:13:59","slug":"bayahibe-samana-and-miches-whale-watching-day-trip","status":"publish","type":"product","link":"https:\/\/whalesabanadelamar.com\/pl\/tours\/bayahibe-samana-i-miches-wycieczka-na-obserwacje-wielorybow\/","title":{"rendered":"Bayahibe: Jednodniowa wycieczka z obserwacj\u0105 wieloryb\u00f3w Saman\u00e1 i Miches"},"content":{"rendered":"<p>Bayahibe: Saman\u00e1 and Miches Whale Watching Day Trip, Przep\u0142y\u0144 \u0142odzi\u0105 przez zatoki Miches i Saman\u00e1 i ciesz si\u0119 rajem z humbakami. Projekt tej wycieczki i jej elementy sprawiaj\u0105, \u017ce jest to najwi\u0119ksza i najbardziej kompleksowa wycieczka z obserwacj\u0105 wieloryb\u00f3w o d\u0142u\u017cszym czasie trwania oferowana w miejscu docelowym Bavaro Punta Cana. Tutaj, w rytmie dominika\u0144skiego rumu Brugal, powitamy Ci\u0119 na wyspie Bacardi. Po ekscytuj\u0105cej podr\u00f3\u017cy obserwuj\u0105cej wieloryby w ich sanktuarium, bia\u0142y piasek wyspy Bacardi roz\u0142\u0105czy Ci\u0119 podczas pobytu, oferuj\u0105c wspania\u0142\u0105 pla\u017c\u0119.<\/p>\n<p>Miejsce, w kt\u00f3rym zjesz lunch, b\u0119dzie idealnym pomostem do pomnika Lemon Waterfall, gdzie samotno\u015b\u0107 otoczenia po po\u0142udniu b\u0119dzie idealnym towarzystwem, aby cieszy\u0107 si\u0119 ca\u0142\u0105 jego magi\u0105 i \u015bwie\u017co\u015bci\u0105.<\/p>\n<p>Rozpocznij dzie\u0144 od odbioru z hotelu w Bavaro i udaj si\u0119 na molo Ca\u00f1itas. Pop\u0142y\u0144 w kierunku rezerwatu wieloryb\u00f3w i ciesz si\u0119 obserwacj\u0105 wieloryb\u00f3w. Nast\u0119pnie udaj si\u0119 na wysp\u0119 Cayo Levantado i wypij powitalnego drinka.<\/p>\n<p>Wyjazd do Saman\u00e1 na wycieczk\u0119 po mie\u015bcie i wiejskie safari w Santa Barbara de Saman\u00e1 i spo\u0142eczno\u015bci El Lim\u00f3n. Odwied\u017a ranczo w \u015brodku d\u017cungli. Przeja\u017cd\u017cka konna z przewodnikiem z lokalnej wioski.<\/p>\n<p>Odwied\u017a wodospad Lim\u00f3n, 50-metrowy wodospad. Wyjazd z przystani Saman\u00e1 do przystani Ca\u00f1itas. Powr\u00f3t do hotelu w Bavaro.<\/p>","protected":false},"excerpt":{"rendered":"<div data-track=\"overview\" data-v-83a2b402=\"\">\n<section id=\"activity-overview\" class=\"activity-overview\" data-component=\"overview\" data-v-83a2b402=\"\" data-v-f3236c42=\"\">\n<p class=\"activity-overview__content\" data-test-id=\"activity-overview-content\" data-v-f3236c42=\"\">Odkryj pi\u0119kno p\u00f3\u0142wyspu Saman\u00e1 podczas jednodniowej wycieczki z Bayahibe. Obserwuj humbaki w ich naturalnym \u015brodowisku i delektuj si\u0119 lunchem w formie bufetu w lokalnej restauracji w Saman\u00e1.<\/p>\n<\/section>\n<\/div>\n<div data-track=\"key-details\" data-v-83a2b402=\"\"><\/div>","protected":false},"featured_media":13634,"template":"","meta":[],"product_cat":[100],"product_tag":[102,101],"class_list":{"0":"post-13632","1":"product","2":"type-product","3":"status-publish","4":"has-post-thumbnail","6":"product_cat-dominican-republic","7":"product_tag-excursion","8":"product_tag-tour","10":"first","11":"instock","12":"shipping-taxable","13":"product-type-external"},"_links":{"self":[{"href":"https:\/\/whalesabanadelamar.com\/pl\/wp-json\/wp\/v2\/product\/13632","targetHints":{"allow":["GET"]}}],"collection":[{"href":"https:\/\/whalesabanadelamar.com\/pl\/wp-json\/wp\/v2\/product"}],"about":[{"href":"https:\/\/whalesabanadelamar.com\/pl\/wp-json\/wp\/v2\/types\/product"}],"wp:featuredmedia":[{"embeddable":true,"href":"https:\/\/whalesabanadelamar.com\/pl\/wp-json\/wp\/v2\/media\/13634"}],"wp:attachment":[{"href":"https:\/\/whalesabanadelamar.com\/pl\/wp-json\/wp\/v2\/media?parent=13632"}],"wp:term":[{"taxonomy":"product_cat","embeddable":true,"href":"https:\/\/whalesabanadelamar.com\/pl\/wp-json\/wp\/v2\/product_cat?post=13632"},{"taxonomy":"product_tag","embeddable":true,"href":"https:\/\/whalesabanadelamar.com\/pl\/wp-json\/wp\/v2\/product_tag?post=13632"}],"curies":[{"name":"wp","href":"https:\/\/api.w.org\/{rel}","templated":true}]}}