{"id":13632,"date":"2020-09-17T12:48:27","date_gmt":"2020-09-17T12:48:27","guid":{"rendered":"https:\/\/whalesabanadelamar.com\/?post_type=product&#038;p=13632"},"modified":"2024-09-17T21:13:59","modified_gmt":"2024-09-17T21:13:59","slug":"bayahibe-samana-and-miches-whale-watching-day-trip","status":"publish","type":"product","link":"https:\/\/whalesabanadelamar.com\/pt\/tours\/bayahibe-samana-e-miches-viagem-de-um-dia-para-observacao-de-baleias\/","title":{"rendered":"Bayahibe: Saman\u00e1 e Miches - Excurs\u00e3o de um dia para observa\u00e7\u00e3o de baleias"},"content":{"rendered":"<p>Bayahibe: Excurs\u00e3o de um dia para observa\u00e7\u00e3o de baleias em Saman\u00e1 e Miches, Atravesse as ba\u00edas de Miches e Saman\u00e1 de barco e desfrute de um para\u00edso com baleias jubarte. O desenho desta excurs\u00e3o e os seus elementos fazem dela a maior e mais completa excurs\u00e3o de observa\u00e7\u00e3o de baleias com maior dura\u00e7\u00e3o oferecida no destino Bavaro Punta Cana. Aqui, ao ritmo do rum dominicano Brugal, receb\u00ea-lo-emos na Ilha Bacardi. Depois de uma viagem emocionante para observar as baleias no seu santu\u00e1rio, a areia branca da Ilha Bacardi ir\u00e1 desconect\u00e1-lo durante a sua estadia, oferecendo uma praia maravilhosa.<\/p>\n<p>O local onde almo\u00e7ar\u00e3o ser\u00e1 a ponte perfeita para chegar ao monumento da Cascata do Lim\u00e3o, onde a solid\u00e3o dos arredores \u00e0 tarde ser\u00e1 a companhia perfeita para desfrutar de toda a sua magia e frescura.<\/p>\n<p>Comece o seu dia com um servi\u00e7o de recolha no seu hotel em B\u00e1varo e dirija-se ao Cais de Ca\u00f1itas. Navegue em dire\u00e7\u00e3o ao santu\u00e1rio das baleias e desfrute de um passeio de observa\u00e7\u00e3o de baleias. Depois, dirija-se \u00e0 ilha de Cayo Levantado e desfrute de uma bebida de boas-vindas.<\/p>\n<p>Partida para Saman\u00e1 para um passeio pela cidade e um safari no campo em Santa Barbara de Saman\u00e1 e na comunidade de El Lim\u00f3n. Visita a um rancho no meio da selva. Passeio a cavalo com assist\u00eancia guiada da aldeia local.<\/p>\n<p>Visita \u00e0 cascata de Lim\u00f3n, uma cascata de 50 metros de altura. Partida do cais de Saman\u00e1 para o cais de Ca\u00f1itas. Regresso ao seu hotel em B\u00e1varo.<\/p>","protected":false},"excerpt":{"rendered":"<div data-track=\"overview\" data-v-83a2b402=\"\">\n<section id=\"activity-overview\" class=\"activity-overview\" data-component=\"overview\" data-v-83a2b402=\"\" data-v-f3236c42=\"\">\n<p class=\"activity-overview__content\" data-test-id=\"activity-overview-content\" data-v-f3236c42=\"\">Descubra a beleza da Pen\u00ednsula de Saman\u00e1 numa viagem de um dia a partir de Bayahibe. Observe as baleias jubarte no seu habitat natural e desfrute de um almo\u00e7o em estilo buffet num restaurante local em Saman\u00e1.<\/p>\n<\/section>\n<\/div>\n<div data-track=\"key-details\" data-v-83a2b402=\"\"><\/div>","protected":false},"featured_media":13634,"template":"","meta":[],"product_cat":[100],"product_tag":[102,101],"class_list":{"0":"post-13632","1":"product","2":"type-product","3":"status-publish","4":"has-post-thumbnail","6":"product_cat-dominican-republic","7":"product_tag-excursion","8":"product_tag-tour","10":"first","11":"instock","12":"shipping-taxable","13":"product-type-external"},"_links":{"self":[{"href":"https:\/\/whalesabanadelamar.com\/pt\/wp-json\/wp\/v2\/product\/13632","targetHints":{"allow":["GET"]}}],"collection":[{"href":"https:\/\/whalesabanadelamar.com\/pt\/wp-json\/wp\/v2\/product"}],"about":[{"href":"https:\/\/whalesabanadelamar.com\/pt\/wp-json\/wp\/v2\/types\/product"}],"wp:featuredmedia":[{"embeddable":true,"href":"https:\/\/whalesabanadelamar.com\/pt\/wp-json\/wp\/v2\/media\/13634"}],"wp:attachment":[{"href":"https:\/\/whalesabanadelamar.com\/pt\/wp-json\/wp\/v2\/media?parent=13632"}],"wp:term":[{"taxonomy":"product_cat","embeddable":true,"href":"https:\/\/whalesabanadelamar.com\/pt\/wp-json\/wp\/v2\/product_cat?post=13632"},{"taxonomy":"product_tag","embeddable":true,"href":"https:\/\/whalesabanadelamar.com\/pt\/wp-json\/wp\/v2\/product_tag?post=13632"}],"curies":[{"name":"wp","href":"https:\/\/api.w.org\/{rel}","templated":true}]}}